{"id":226990,"date":"2025-07-08T12:53:29","date_gmt":"2025-07-08T10:53:29","guid":{"rendered":"https:\/\/lovesaints.pl\/?post_type=product&#038;p=226990"},"modified":"2026-02-18T15:23:43","modified_gmt":"2026-02-18T14:23:43","slug":"be-like-kendal-jumpsuit-kopia","status":"publish","type":"product","link":"https:\/\/lovesaints.pl\/en\/produkt\/be-like-kendal-jumpsuit-kopia\/","title":{"rendered":"BE LIKE KENDAL JUMPSUIT (Kopia)"},"content":{"rendered":"<p style=\"text-align: center;\">WYMAGA SZYCIA 7-12 DNI ROBOCZYCH !!!!<\/p>\n<p>POWRACA NASZ BESTSELLER BE LIKE KENDAL JUMPSUIT<\/p>\n<p><span style=\"font-size: 16px; caret-color: #0a0a0a; color: #8f28fe; font-family: Ubuntu, sans-serif; background-color: #fefefe;\">Materia\u0142 :\u00a0<\/span><\/p>\n<p><span style=\"font-size: 16px; caret-color: #0a0a0a; color: #8f28fe; font-family: Ubuntu, sans-serif; background-color: #fefefe;\">65% wiskoza + 27% poliamid + 8% elastan<\/span><\/p>\n<p><span style=\"color: #8f28fe;\"><span style=\"font-size: 16px; caret-color: #0a0a0a; font-family: Ubuntu, sans-serif; background-color: #fefefe;\">260 &#8211; 270 g\/m2<\/span><\/span><\/p>\n<p><span style=\"font-size: 16px; caret-color: #0a0a0a; color: #8f28fe; font-family: Ubuntu, sans-serif; background-color: #fefefe;\">Modelka ma na sobie rozmiar XS\u00a0<\/span><\/p>\n<p><span style=\"font-size: 16px; caret-color: #0a0a0a; color: #8f28fe; font-family: Ubuntu, sans-serif; background-color: #fefefe;\">D\u0142ugo\u015b\u0107 nogawki to oko\u0142o 103 cm od pasa w d\u00f3\u0142<\/span><\/p>\n<p><span style=\"font-size: 16px; caret-color: #0a0a0a; color: #8f28fe; font-family: Ubuntu, sans-serif; background-color: #fefefe;\">D\u0142ugo\u015b\u0107 od ramion do talii to oko\u0142o 42 cm\u00a0<\/span><\/p>\n","protected":false},"excerpt":{"rendered":"<h3 style=\"text-align: center;\"><span style=\"color: #993366;\">REQUIRES SEWING 7-12 BUSINESS DAYS!!!!<\/span><\/h3>\n<p>&nbsp;<\/p>\n<p style=\"text-align: center;\">OUR BESTSELLER BE LIKE KENDAL JUMPSUIT IS BACK<\/p>\n<p style=\"text-align: center;\">Material:<\/p>\n<p style=\"text-align: center;\">65% viscose + 27% polyamide + 8% elastane<\/p>\n<p style=\"text-align: center;\">260 &#8211; 270 g\/m2<\/p>\n<p style=\"text-align: center;\">The model is wearing size XS<\/p>\n<p style=\"text-align: center;\">The leg length is about 103 cm from the waist down<\/p>\n<p style=\"text-align: center;\">The length from the shoulders to the waist is about 42 cm<\/p>\n<p style=\"text-align: center;\">We fell in love with jumpsuits.<\/p>\n<p style=\"text-align: center;\">This is another one of them. It&#8217;s just amazing.<\/p>\n<p style=\"text-align: center;\">Made of soft but thick knit fabric that is absolutely not transparent.<\/p>\n<p style=\"text-align: center;\">Concealed zipper on the back.<\/p>\n<p style=\"text-align: center;\">Flared trousers.<\/p>\n","protected":false},"featured_media":199194,"comment_status":"closed","ping_status":"closed","template":"","meta":{"site-sidebar-layout":"default","site-content-layout":"","ast-site-content-layout":"default","site-content-style":"default","site-sidebar-style":"default","ast-global-header-display":"","ast-banner-title-visibility":"","ast-main-header-display":"","ast-hfb-above-header-display":"","ast-hfb-below-header-display":"","ast-hfb-mobile-header-display":"","site-post-title":"","ast-breadcrumbs-content":"","ast-featured-img":"","footer-sml-layout":"","theme-transparent-header-meta":"default","adv-header-id-meta":"","stick-header-meta":"","header-above-stick-meta":"","header-main-stick-meta":"","header-below-stick-meta":"","astra-migrate-meta-layouts":"set","ast-page-background-enabled":"default","ast-page-background-meta":{"desktop":{"background-color":"var(--ast-global-color-4)","background-image":"","background-repeat":"repeat","background-position":"center center","background-size":"auto","background-attachment":"scroll","background-type":"","background-media":"","overlay-type":"","overlay-color":"","overlay-opacity":"","overlay-gradient":""},"tablet":{"background-color":"","background-image":"","background-repeat":"repeat","background-position":"center center","background-size":"auto","background-attachment":"scroll","background-type":"","background-media":"","overlay-type":"","overlay-color":"","overlay-opacity":"","overlay-gradient":""},"mobile":{"background-color":"","background-image":"","background-repeat":"repeat","background-position":"center center","background-size":"auto","background-attachment":"scroll","background-type":"","background-media":"","overlay-type":"","overlay-color":"","overlay-opacity":"","overlay-gradient":""}},"ast-content-background-meta":{"desktop":{"background-color":"var(--ast-global-color-5)","background-image":"","background-repeat":"repeat","background-position":"center center","background-size":"auto","background-attachment":"scroll","background-type":"","background-media":"","overlay-type":"","overlay-color":"","overlay-opacity":"","overlay-gradient":""},"tablet":{"background-color":"var(--ast-global-color-5)","background-image":"","background-repeat":"repeat","background-position":"center center","background-size":"auto","background-attachment":"scroll","background-type":"","background-media":"","overlay-type":"","overlay-color":"","overlay-opacity":"","overlay-gradient":""},"mobile":{"background-color":"var(--ast-global-color-5)","background-image":"","background-repeat":"repeat","background-position":"center center","background-size":"auto","background-attachment":"scroll","background-type":"","background-media":"","overlay-type":"","overlay-color":"","overlay-opacity":"","overlay-gradient":""}}},"product_brand":[],"product_cat":[278,306,263],"product_tag":[],"class_list":{"0":"post-226990","1":"product","2":"type-product","3":"status-publish","4":"has-post-thumbnail","6":"product_cat-wysylka-24h-en","7":"product_cat-jumpsuits","8":"product_cat-sale-en","9":"pa_rozmiar-m-en","10":"pa_rozmiar-s-en","11":"pa_rozmiar-xs-en","12":"desktop-align-left","13":"tablet-align-left","14":"mobile-align-left","16":"first","17":"instock","18":"sale","19":"shipping-taxable","20":"purchasable","21":"product-type-variable","22":"wpzoom-wc-spi-has-enabled"},"_links":{"self":[{"href":"https:\/\/lovesaints.pl\/en\/wp-json\/wp\/v2\/product\/226990","targetHints":{"allow":["GET"]}}],"collection":[{"href":"https:\/\/lovesaints.pl\/en\/wp-json\/wp\/v2\/product"}],"about":[{"href":"https:\/\/lovesaints.pl\/en\/wp-json\/wp\/v2\/types\/product"}],"replies":[{"embeddable":true,"href":"https:\/\/lovesaints.pl\/en\/wp-json\/wp\/v2\/comments?post=226990"}],"version-history":[{"count":2,"href":"https:\/\/lovesaints.pl\/en\/wp-json\/wp\/v2\/product\/226990\/revisions"}],"predecessor-version":[{"id":227491,"href":"https:\/\/lovesaints.pl\/en\/wp-json\/wp\/v2\/product\/226990\/revisions\/227491"}],"wp:featuredmedia":[{"embeddable":true,"href":"https:\/\/lovesaints.pl\/en\/wp-json\/wp\/v2\/media\/199194"}],"wp:attachment":[{"href":"https:\/\/lovesaints.pl\/en\/wp-json\/wp\/v2\/media?parent=226990"}],"wp:term":[{"taxonomy":"product_brand","embeddable":true,"href":"https:\/\/lovesaints.pl\/en\/wp-json\/wp\/v2\/product_brand?post=226990"},{"taxonomy":"product_cat","embeddable":true,"href":"https:\/\/lovesaints.pl\/en\/wp-json\/wp\/v2\/product_cat?post=226990"},{"taxonomy":"product_tag","embeddable":true,"href":"https:\/\/lovesaints.pl\/en\/wp-json\/wp\/v2\/product_tag?post=226990"}],"curies":[{"name":"wp","href":"https:\/\/api.w.org\/{rel}","templated":true}]}}